{"id":965,"date":"2025-09-02T13:54:56","date_gmt":"2025-09-02T13:54:56","guid":{"rendered":"https:\/\/bpro.hu\/motomarketing\/?page_id=965"},"modified":"2025-11-14T13:58:43","modified_gmt":"2025-11-14T13:58:43","slug":"motor-szallitas-angol","status":"publish","type":"page","link":"https:\/\/bpro.hu\/motomarketing\/en\/motor-szallitas-angol\/","title":{"rendered":"Motor sz\u00e1ll\u00edt\u00e1s angol"},"content":{"rendered":"\t\t<div data-elementor-type=\"wp-page\" data-elementor-id=\"965\" class=\"elementor elementor-965\" data-elementor-post-type=\"page\">\n\t\t\t\t\t\t<section class=\"elementor-section elementor-top-section elementor-element elementor-element-8d18c55 elementor-section-boxed elementor-section-height-default elementor-section-height-default\" data-id=\"8d18c55\" data-element_type=\"section\">\n\t\t\t\t\t\t<div class=\"elementor-container elementor-column-gap-default\">\n\t\t\t\t\t<div class=\"elementor-column elementor-col-100 elementor-top-column elementor-element elementor-element-33fa179\" data-id=\"33fa179\" data-element_type=\"column\">\n\t\t\t<div class=\"elementor-widget-wrap elementor-element-populated\">\n\t\t\t\t\t\t<div class=\"elementor-element elementor-element-7f2b809 elementor-widget elementor-widget-spacer\" data-id=\"7f2b809\" data-element_type=\"widget\" data-widget_type=\"spacer.default\">\n\t\t\t\t<div class=\"elementor-widget-container\">\n\t\t\t\t\t\t\t<div class=\"elementor-spacer\">\n\t\t\t<div class=\"elementor-spacer-inner\"><\/div>\n\t\t<\/div>\n\t\t\t\t\t\t<\/div>\n\t\t\t\t<\/div>\n\t\t\t\t<div class=\"elementor-element elementor-element-188d56f elementor-widget elementor-widget-heading\" data-id=\"188d56f\" data-element_type=\"widget\" data-widget_type=\"heading.default\">\n\t\t\t\t<div class=\"elementor-widget-container\">\n\t\t\t\t\t<h2 class=\"elementor-heading-title elementor-size-default\">Motorcycle Transport<\/h2>\t\t\t\t<\/div>\n\t\t\t\t<\/div>\n\t\t\t\t\t<\/div>\n\t\t<\/div>\n\t\t\t\t\t<\/div>\n\t\t<\/section>\n\t\t\t\t<section class=\"elementor-section elementor-top-section elementor-element elementor-element-04fd72f elementor-section-boxed elementor-section-height-default elementor-section-height-default\" data-id=\"04fd72f\" data-element_type=\"section\">\n\t\t\t\t\t\t<div class=\"elementor-container elementor-column-gap-default\">\n\t\t\t\t\t<div class=\"elementor-column elementor-col-100 elementor-top-column elementor-element elementor-element-76d9035\" data-id=\"76d9035\" data-element_type=\"column\">\n\t\t\t<div class=\"elementor-widget-wrap elementor-element-populated\">\n\t\t\t\t\t\t<div class=\"elementor-element elementor-element-f6c23e3 elementor-widget elementor-widget-gallery\" data-id=\"f6c23e3\" data-element_type=\"widget\" data-settings=\"{&quot;lazyload&quot;:&quot;yes&quot;,&quot;gallery_layout&quot;:&quot;grid&quot;,&quot;columns&quot;:4,&quot;columns_tablet&quot;:2,&quot;columns_mobile&quot;:1,&quot;gap&quot;:{&quot;unit&quot;:&quot;px&quot;,&quot;size&quot;:10,&quot;sizes&quot;:[]},&quot;gap_tablet&quot;:{&quot;unit&quot;:&quot;px&quot;,&quot;size&quot;:10,&quot;sizes&quot;:[]},&quot;gap_mobile&quot;:{&quot;unit&quot;:&quot;px&quot;,&quot;size&quot;:10,&quot;sizes&quot;:[]},&quot;link_to&quot;:&quot;file&quot;,&quot;aspect_ratio&quot;:&quot;3:2&quot;,&quot;overlay_background&quot;:&quot;yes&quot;,&quot;content_hover_animation&quot;:&quot;fade-in&quot;}\" data-widget_type=\"gallery.default\">\n\t\t\t\t<div class=\"elementor-widget-container\">\n\t\t\t\t\t\t\t<div class=\"elementor-gallery__container\">\n\t\t\t\t\t\t\t<a class=\"e-gallery-item elementor-gallery-item elementor-animated-content\" href=\"https:\/\/bpro.hu\/motomarketing\/wp-content\/uploads\/2025\/09\/att.WTHgs-NJNDQPIk0mNf05Rn7AM6rcfGdhsJ4ZZKgOMXg1.jpg\" data-elementor-open-lightbox=\"yes\" data-elementor-lightbox-slideshow=\"f6c23e3\" data-elementor-lightbox-title=\"att.WTHgs-NJNDQPIk0mNf05Rn7AM6rcfGdhsJ4ZZKgOMXg(1)\" data-e-action-hash=\"#elementor-action%3Aaction%3Dlightbox%26settings%3DeyJpZCI6OTU3LCJ1cmwiOiJodHRwczpcL1wvYnByby5odVwvbW90b21hcmtldGluZ1wvd3AtY29udGVudFwvdXBsb2Fkc1wvMjAyNVwvMDlcL2F0dC5XVEhncy1OSk5EUVBJazBtTmYwNVJuN0FNNnJjZkdkaHNKNFpaS2dPTVhnMS5qcGciLCJzbGlkZXNob3ciOiJmNmMyM2UzIn0%3D\">\n\t\t\t\t\t<div class=\"e-gallery-image elementor-gallery-item__image\" data-thumbnail=\"https:\/\/bpro.hu\/motomarketing\/wp-content\/uploads\/2025\/09\/att.WTHgs-NJNDQPIk0mNf05Rn7AM6rcfGdhsJ4ZZKgOMXg1-300x225.jpg\" data-width=\"300\" data-height=\"225\" aria-label=\"Motor sz\u00e1ll\u00edt\u00e1s\" role=\"img\" ><\/div>\n\t\t\t\t\t\t\t\t\t\t\t<div class=\"elementor-gallery-item__overlay\"><\/div>\n\t\t\t\t\t\t\t\t\t\t\t\t\t\t<\/a>\n\t\t\t\t\t\t\t<a class=\"e-gallery-item elementor-gallery-item elementor-animated-content\" href=\"https:\/\/bpro.hu\/motomarketing\/wp-content\/uploads\/2025\/09\/att.41JVnpuxjXl_1VZioYv8J4pAoUnc2Bq1Uv2wdgPh6o4.jpg\" data-elementor-open-lightbox=\"yes\" data-elementor-lightbox-slideshow=\"f6c23e3\" data-elementor-lightbox-title=\"att.41JVnpuxjXl_1VZioYv8J4pAoUnc2Bq1Uv2wdgPh6o4\" data-e-action-hash=\"#elementor-action%3Aaction%3Dlightbox%26settings%3DeyJpZCI6OTQ2LCJ1cmwiOiJodHRwczpcL1wvYnByby5odVwvbW90b21hcmtldGluZ1wvd3AtY29udGVudFwvdXBsb2Fkc1wvMjAyNVwvMDlcL2F0dC40MUpWbnB1eGpYbF8xVlppb1l2OEo0cEFvVW5jMkJxMVV2MndkZ1BoNm80LmpwZyIsInNsaWRlc2hvdyI6ImY2YzIzZTMifQ%3D%3D\">\n\t\t\t\t\t<div class=\"e-gallery-image elementor-gallery-item__image\" data-thumbnail=\"https:\/\/bpro.hu\/motomarketing\/wp-content\/uploads\/2025\/09\/att.41JVnpuxjXl_1VZioYv8J4pAoUnc2Bq1Uv2wdgPh6o4-300x225.jpg\" data-width=\"300\" data-height=\"225\" aria-label=\"motor sz\u00e1ll\u00edt\u00e1s\" role=\"img\" ><\/div>\n\t\t\t\t\t\t\t\t\t\t\t<div class=\"elementor-gallery-item__overlay\"><\/div>\n\t\t\t\t\t\t\t\t\t\t\t\t\t\t<\/a>\n\t\t\t\t\t\t\t<a class=\"e-gallery-item elementor-gallery-item elementor-animated-content\" href=\"https:\/\/bpro.hu\/motomarketing\/wp-content\/uploads\/2025\/09\/att.oNqrJPRKY_spbyGgRGuGihsEnHxKvEfqSwnmURAzZiY.jpg\" data-elementor-open-lightbox=\"yes\" data-elementor-lightbox-slideshow=\"f6c23e3\" data-elementor-lightbox-title=\"att.oNqrJPRKY_spbyGgRGuGihsEnHxKvEfqSwnmURAzZiY\" data-e-action-hash=\"#elementor-action%3Aaction%3Dlightbox%26settings%3DeyJpZCI6OTU1LCJ1cmwiOiJodHRwczpcL1wvYnByby5odVwvbW90b21hcmtldGluZ1wvd3AtY29udGVudFwvdXBsb2Fkc1wvMjAyNVwvMDlcL2F0dC5vTnFySlBSS1lfc3BieUdnUkd1R2loc0VuSHhLdkVmcVN3bm1VUkF6WmlZLmpwZyIsInNsaWRlc2hvdyI6ImY2YzIzZTMifQ%3D%3D\">\n\t\t\t\t\t<div class=\"e-gallery-image elementor-gallery-item__image\" data-thumbnail=\"https:\/\/bpro.hu\/motomarketing\/wp-content\/uploads\/2025\/09\/att.oNqrJPRKY_spbyGgRGuGihsEnHxKvEfqSwnmURAzZiY-300x225.jpg\" data-width=\"300\" data-height=\"225\" aria-label=\"bmw gs\" role=\"img\" ><\/div>\n\t\t\t\t\t\t\t\t\t\t\t<div class=\"elementor-gallery-item__overlay\"><\/div>\n\t\t\t\t\t\t\t\t\t\t\t\t\t\t<\/a>\n\t\t\t\t\t\t\t<a class=\"e-gallery-item elementor-gallery-item elementor-animated-content\" href=\"https:\/\/bpro.hu\/motomarketing\/wp-content\/uploads\/2025\/09\/att.c9ULNm5HSSIxxYt0fjh19NV-s-vtJ_N0VkECvZsUnoc1.jpg\" data-elementor-open-lightbox=\"yes\" data-elementor-lightbox-slideshow=\"f6c23e3\" data-elementor-lightbox-title=\"att.c9ULNm5HSSIxxYt0fjh19NV-s-vtJ_N0VkECvZsUnoc(1)\" data-e-action-hash=\"#elementor-action%3Aaction%3Dlightbox%26settings%3DeyJpZCI6OTQ4LCJ1cmwiOiJodHRwczpcL1wvYnByby5odVwvbW90b21hcmtldGluZ1wvd3AtY29udGVudFwvdXBsb2Fkc1wvMjAyNVwvMDlcL2F0dC5jOVVMTm01SFNTSXh4WXQwZmpoMTlOVi1zLXZ0Sl9OMFZrRUN2WnNVbm9jMS5qcGciLCJzbGlkZXNob3ciOiJmNmMyM2UzIn0%3D\">\n\t\t\t\t\t<div class=\"e-gallery-image elementor-gallery-item__image\" data-thumbnail=\"https:\/\/bpro.hu\/motomarketing\/wp-content\/uploads\/2025\/09\/att.c9ULNm5HSSIxxYt0fjh19NV-s-vtJ_N0VkECvZsUnoc1-300x225.jpg\" data-width=\"300\" data-height=\"225\" aria-label=\"motor sz\u00e1ll\u00edt\u00e1s\" role=\"img\" ><\/div>\n\t\t\t\t\t\t\t\t\t\t\t<div class=\"elementor-gallery-item__overlay\"><\/div>\n\t\t\t\t\t\t\t\t\t\t\t\t\t\t<\/a>\n\t\t\t\t\t\t\t<a class=\"e-gallery-item elementor-gallery-item elementor-animated-content\" href=\"https:\/\/bpro.hu\/motomarketing\/wp-content\/uploads\/2025\/09\/att.a18M7FkEOJsEt6QLVDSfvh6bRgAPqyWkyLsy4FlDoM4.jpg\" data-elementor-open-lightbox=\"yes\" data-elementor-lightbox-slideshow=\"f6c23e3\" data-elementor-lightbox-title=\"att.a18M7FkEOJsEt6QLVDSfvh6bRgAPqyWkyLsy4FlDoM4\" data-e-action-hash=\"#elementor-action%3Aaction%3Dlightbox%26settings%3DeyJpZCI6OTQ3LCJ1cmwiOiJodHRwczpcL1wvYnByby5odVwvbW90b21hcmtldGluZ1wvd3AtY29udGVudFwvdXBsb2Fkc1wvMjAyNVwvMDlcL2F0dC5hMThNN0ZrRU9Kc0V0NlFMVkRTZnZoNmJSZ0FQcXlXa3lMc3k0RmxEb000LmpwZyIsInNsaWRlc2hvdyI6ImY2YzIzZTMifQ%3D%3D\">\n\t\t\t\t\t<div class=\"e-gallery-image elementor-gallery-item__image\" data-thumbnail=\"https:\/\/bpro.hu\/motomarketing\/wp-content\/uploads\/2025\/09\/att.a18M7FkEOJsEt6QLVDSfvh6bRgAPqyWkyLsy4FlDoM4-300x225.jpg\" data-width=\"300\" data-height=\"225\" aria-label=\"motor sz\u00e1ll\u00edt\u00e1s\" role=\"img\" ><\/div>\n\t\t\t\t\t\t\t\t\t\t\t<div class=\"elementor-gallery-item__overlay\"><\/div>\n\t\t\t\t\t\t\t\t\t\t\t\t\t\t<\/a>\n\t\t\t\t\t\t\t<a class=\"e-gallery-item elementor-gallery-item elementor-animated-content\" href=\"https:\/\/bpro.hu\/motomarketing\/wp-content\/uploads\/2025\/09\/att.09knPfwlSDbp6N6fuxHHM0fdcLJRGzjtO8JV8633r441.jpg\" data-elementor-open-lightbox=\"yes\" data-elementor-lightbox-slideshow=\"f6c23e3\" data-elementor-lightbox-title=\"att.09knPfwlSDbp6N6fuxHHM0fdcLJRGzjtO8JV8633r44(1)\" data-e-action-hash=\"#elementor-action%3Aaction%3Dlightbox%26settings%3DeyJpZCI6OTQ0LCJ1cmwiOiJodHRwczpcL1wvYnByby5odVwvbW90b21hcmtldGluZ1wvd3AtY29udGVudFwvdXBsb2Fkc1wvMjAyNVwvMDlcL2F0dC4wOWtuUGZ3bFNEYnA2TjZmdXhISE0wZmRjTEpSR3pqdE84SlY4NjMzcjQ0MS5qcGciLCJzbGlkZXNob3ciOiJmNmMyM2UzIn0%3D\">\n\t\t\t\t\t<div class=\"e-gallery-image elementor-gallery-item__image\" data-thumbnail=\"https:\/\/bpro.hu\/motomarketing\/wp-content\/uploads\/2025\/09\/att.09knPfwlSDbp6N6fuxHHM0fdcLJRGzjtO8JV8633r441-300x225.jpg\" data-width=\"300\" data-height=\"225\" aria-label=\"motor sz\u00e1ll\u00edt\u00e1s kamionon\" role=\"img\" ><\/div>\n\t\t\t\t\t\t\t\t\t\t\t<div class=\"elementor-gallery-item__overlay\"><\/div>\n\t\t\t\t\t\t\t\t\t\t\t\t\t\t<\/a>\n\t\t\t\t\t\t\t<a class=\"e-gallery-item elementor-gallery-item elementor-animated-content\" href=\"https:\/\/bpro.hu\/motomarketing\/wp-content\/uploads\/2025\/09\/att.GJFmXe3qfoTYtVKEFWC21v_sICm2KRUQVenRlOE5t1A1.jpg\" data-elementor-open-lightbox=\"yes\" data-elementor-lightbox-slideshow=\"f6c23e3\" data-elementor-lightbox-title=\"att.GJFmXe3qfoTYtVKEFWC21v_sICm2KRUQVenRlOE5t1A(1)\" data-e-action-hash=\"#elementor-action%3Aaction%3Dlightbox%26settings%3DeyJpZCI6OTUwLCJ1cmwiOiJodHRwczpcL1wvYnByby5odVwvbW90b21hcmtldGluZ1wvd3AtY29udGVudFwvdXBsb2Fkc1wvMjAyNVwvMDlcL2F0dC5HSkZtWGUzcWZvVFl0VktFRldDMjF2X3NJQ20yS1JVUVZlblJsT0U1dDFBMS5qcGciLCJzbGlkZXNob3ciOiJmNmMyM2UzIn0%3D\">\n\t\t\t\t\t<div class=\"e-gallery-image elementor-gallery-item__image\" data-thumbnail=\"https:\/\/bpro.hu\/motomarketing\/wp-content\/uploads\/2025\/09\/att.GJFmXe3qfoTYtVKEFWC21v_sICm2KRUQVenRlOE5t1A1-300x225.jpg\" data-width=\"300\" data-height=\"225\" aria-label=\"motor sz\u00e1ll\u00edt\u00e1s kamionon\" role=\"img\" ><\/div>\n\t\t\t\t\t\t\t\t\t\t\t<div class=\"elementor-gallery-item__overlay\"><\/div>\n\t\t\t\t\t\t\t\t\t\t\t\t\t\t<\/a>\n\t\t\t\t\t\t\t<a class=\"e-gallery-item elementor-gallery-item elementor-animated-content\" href=\"https:\/\/bpro.hu\/motomarketing\/wp-content\/uploads\/2025\/09\/att.JBu6_9fH91-3Hbng8H_H3kdxFhO6bkEbx3ioP8eoQoc1.jpg\" data-elementor-open-lightbox=\"yes\" data-elementor-lightbox-slideshow=\"f6c23e3\" data-elementor-lightbox-title=\"att.JBu6_9fH91-3Hbng8H_H3kdxFhO6bkEbx3ioP8eoQoc(1)\" data-e-action-hash=\"#elementor-action%3Aaction%3Dlightbox%26settings%3DeyJpZCI6OTUzLCJ1cmwiOiJodHRwczpcL1wvYnByby5odVwvbW90b21hcmtldGluZ1wvd3AtY29udGVudFwvdXBsb2Fkc1wvMjAyNVwvMDlcL2F0dC5KQnU2XzlmSDkxLTNIYm5nOEhfSDNrZHhGaE82YmtFYngzaW9QOGVvUW9jMS5qcGciLCJzbGlkZXNob3ciOiJmNmMyM2UzIn0%3D\">\n\t\t\t\t\t<div class=\"e-gallery-image elementor-gallery-item__image\" data-thumbnail=\"https:\/\/bpro.hu\/motomarketing\/wp-content\/uploads\/2025\/09\/att.JBu6_9fH91-3Hbng8H_H3kdxFhO6bkEbx3ioP8eoQoc1-300x225.jpg\" data-width=\"300\" data-height=\"225\" aria-label=\"motor sz\u00e1ll\u00edt\u00e1s kamionon\" role=\"img\" ><\/div>\n\t\t\t\t\t\t\t\t\t\t\t<div class=\"elementor-gallery-item__overlay\"><\/div>\n\t\t\t\t\t\t\t\t\t\t\t\t\t\t<\/a>\n\t\t\t\t\t<\/div>\n\t\t\t\t\t<\/div>\n\t\t\t\t<\/div>\n\t\t\t\t\t<\/div>\n\t\t<\/div>\n\t\t\t\t\t<\/div>\n\t\t<\/section>\n\t\t\t\t<\/div>\n\t\t","protected":false},"excerpt":{"rendered":"<p>Motorcycle Transport<\/p>\n","protected":false},"author":1,"featured_media":0,"parent":0,"menu_order":0,"comment_status":"closed","ping_status":"closed","template":"","meta":{"om_disable_all_campaigns":false,"_monsterinsights_skip_tracking":false,"_monsterinsights_sitenote_active":false,"_monsterinsights_sitenote_note":"","_monsterinsights_sitenote_category":0,"footnotes":""},"class_list":["post-965","page","type-page","status-publish","hentry"],"aioseo_notices":[],"_links":{"self":[{"href":"https:\/\/bpro.hu\/motomarketing\/wp-json\/wp\/v2\/pages\/965","targetHints":{"allow":["GET"]}}],"collection":[{"href":"https:\/\/bpro.hu\/motomarketing\/wp-json\/wp\/v2\/pages"}],"about":[{"href":"https:\/\/bpro.hu\/motomarketing\/wp-json\/wp\/v2\/types\/page"}],"author":[{"embeddable":true,"href":"https:\/\/bpro.hu\/motomarketing\/wp-json\/wp\/v2\/users\/1"}],"replies":[{"embeddable":true,"href":"https:\/\/bpro.hu\/motomarketing\/wp-json\/wp\/v2\/comments?post=965"}],"version-history":[{"count":4,"href":"https:\/\/bpro.hu\/motomarketing\/wp-json\/wp\/v2\/pages\/965\/revisions"}],"predecessor-version":[{"id":969,"href":"https:\/\/bpro.hu\/motomarketing\/wp-json\/wp\/v2\/pages\/965\/revisions\/969"}],"wp:attachment":[{"href":"https:\/\/bpro.hu\/motomarketing\/wp-json\/wp\/v2\/media?parent=965"}],"curies":[{"name":"wp","href":"https:\/\/api.w.org\/{rel}","templated":true}]}}